{"id":15970,"date":"2026-03-27T19:02:00","date_gmt":"2026-03-27T19:02:00","guid":{"rendered":"https:\/\/movingo.ca\/?page_id=15970"},"modified":"2026-03-27T19:19:20","modified_gmt":"2026-03-27T19:19:20","slug":"thank-you","status":"publish","type":"page","link":"https:\/\/movingo.ca\/en\/thank-you\/","title":{"rendered":"Thank You"},"content":{"rendered":"\t\t<div data-elementor-type=\"wp-page\" data-elementor-id=\"15970\" class=\"elementor elementor-15970\" data-elementor-post-type=\"page\">\n\t\t\t\t<div class=\"elementor-element elementor-element-120b24f e-flex e-con-boxed e-con e-parent\" data-id=\"120b24f\" data-element_type=\"container\" data-e-type=\"container\">\n\t\t\t\t\t<div class=\"e-con-inner\">\n\t\t<div class=\"elementor-element elementor-element-0056d65 e-con-full e-flex e-con e-child\" data-id=\"0056d65\" data-element_type=\"container\" data-e-type=\"container\">\n\t\t\t\t<div class=\"elementor-element elementor-element-1f49b7f elementor-view-stacked elementor-shape-circle elementor-widget elementor-widget-icon\" data-id=\"1f49b7f\" data-element_type=\"widget\" data-e-type=\"widget\" data-widget_type=\"icon.default\">\n\t\t\t\t\t\t\t<div class=\"elementor-icon-wrapper\">\n\t\t\t<div class=\"elementor-icon\">\n\t\t\t<i aria-hidden=\"true\" class=\"icon icon-check\"><\/i>\t\t\t<\/div>\n\t\t<\/div>\n\t\t\t\t\t\t<\/div>\n\t\t<div class=\"elementor-element elementor-element-2690a38 e-con-full e-flex e-con e-child\" data-id=\"2690a38\" data-element_type=\"container\" data-e-type=\"container\">\n\t\t\t\t<div class=\"elementor-element elementor-element-67ca8ca elementor-widget elementor-widget-heading\" data-id=\"67ca8ca\" data-element_type=\"widget\" data-e-type=\"widget\" data-widget_type=\"heading.default\">\n\t\t\t\t\t<h2 class=\"elementor-heading-title elementor-size-default\">Merci !\n<\/h2>\t\t\t\t<\/div>\n\t\t\t\t<div class=\"elementor-element elementor-element-77e5132 elementor-widget elementor-widget-text-editor\" data-id=\"77e5132\" data-element_type=\"widget\" data-e-type=\"widget\" data-widget_type=\"text-editor.default\">\n\t\t\t\t\t\t\t\t\tNous avons bien re\u00e7u votre demande de soumission pour votre d\u00e9m\u00e9nagement. Notre \u00e9quipe examine vos informations et vous contactera tr\u00e8s prochainement avec une estimation personnalis\u00e9e. \t\t\t\t\t\t\t\t<\/div>\n\t\t\t\t<div class=\"elementor-element elementor-element-624a1c9 elementor-mobile-align-justify elementor-widget-mobile__width-auto sticky-button-right elementor-align-center elementor-widget__width-auto elementor-widget elementor-widget-button\" data-id=\"624a1c9\" data-element_type=\"widget\" data-e-type=\"widget\" data-widget_type=\"button.default\">\n\t\t\t\t\t\t\t\t\t\t<a class=\"elementor-button elementor-button-link elementor-size-sm\" href=\"https:\/\/movingo.ca\">\n\t\t\t\t\t\t<span class=\"elementor-button-content-wrapper\">\n\t\t\t\t\t\t\t\t\t<span class=\"elementor-button-text\">Retour \u00e0 l'Accueil<\/span>\n\t\t\t\t\t<\/span>\n\t\t\t\t\t<\/a>\n\t\t\t\t\t\t\t\t<\/div>\n\t\t\t\t<div class=\"elementor-element elementor-element-53449ea elementor-widget-divider--view-line elementor-widget elementor-widget-divider\" data-id=\"53449ea\" data-element_type=\"widget\" data-e-type=\"widget\" data-widget_type=\"divider.default\">\n\t\t\t\t\t\t\t<div class=\"elementor-divider\">\n\t\t\t<span class=\"elementor-divider-separator\">\n\t\t\t\t\t\t<\/span>\n\t\t<\/div>\n\t\t\t\t\t\t<\/div>\n\t\t\t\t<div class=\"elementor-element elementor-element-71f5810 elementor-widget elementor-widget-heading\" data-id=\"71f5810\" data-element_type=\"widget\" data-e-type=\"widget\" data-widget_type=\"heading.default\">\n\t\t\t\t\t<h2 class=\"elementor-heading-title elementor-size-default\">Thank You!\n<\/h2>\t\t\t\t<\/div>\n\t\t\t\t<div class=\"elementor-element elementor-element-a5f6b6a elementor-widget elementor-widget-text-editor\" data-id=\"a5f6b6a\" data-element_type=\"widget\" data-e-type=\"widget\" data-widget_type=\"text-editor.default\">\n\t\t\t\t\t\t\t\t\tWe&#8217;ve successfully received your moving quote request.\nOur team is reviewing your details and will be in touch\nshortly with a personalized quote. \t\t\t\t\t\t\t\t<\/div>\n\t\t\t\t<div class=\"elementor-element elementor-element-a8829ad elementor-mobile-align-justify elementor-widget-mobile__width-auto elementor-align-center elementor-widget__width-auto elementor-widget elementor-widget-button\" data-id=\"a8829ad\" data-element_type=\"widget\" data-e-type=\"widget\" data-widget_type=\"button.default\">\n\t\t\t\t\t\t\t\t\t\t<a class=\"elementor-button elementor-button-link elementor-size-sm\" href=\"https:\/\/movingo.ca\/en\/\">\n\t\t\t\t\t\t<span class=\"elementor-button-content-wrapper\">\n\t\t\t\t\t\t\t\t\t<span class=\"elementor-button-text\">Return To Homepage<\/span>\n\t\t\t\t\t<\/span>\n\t\t\t\t\t<\/a>\n\t\t\t\t\t\t\t\t<\/div>\n\t\t\t\t<\/div>\n\t\t\t\t<\/div>\n\t\t\t\t\t<\/div>\n\t\t\t\t<\/div>\n\t\t\t\t<\/div>\n\t\t","protected":false},"excerpt":{"rendered":"<p>Merci ! Nous avons bien re\u00e7u votre demande de soumission pour votre d\u00e9m\u00e9nagement. Notre \u00e9quipe examine vos informations et vous contactera tr\u00e8s prochainement avec une estimation personnalis\u00e9e. Retour \u00e0 l&#8217;Accueil Thank You! We&#8217;ve successfully received your moving quote request. Our team is reviewing your details and will be in touch shortly with a personalized quote. [&hellip;]<\/p>\n","protected":false},"author":2,"featured_media":0,"parent":0,"menu_order":0,"comment_status":"closed","ping_status":"closed","template":"elementor_header_footer","meta":{"footnotes":""},"class_list":["post-15970","page","type-page","status-publish","hentry"],"_links":{"self":[{"href":"https:\/\/movingo.ca\/en\/wp-json\/wp\/v2\/pages\/15970","targetHints":{"allow":["GET"]}}],"collection":[{"href":"https:\/\/movingo.ca\/en\/wp-json\/wp\/v2\/pages"}],"about":[{"href":"https:\/\/movingo.ca\/en\/wp-json\/wp\/v2\/types\/page"}],"author":[{"embeddable":true,"href":"https:\/\/movingo.ca\/en\/wp-json\/wp\/v2\/users\/2"}],"replies":[{"embeddable":true,"href":"https:\/\/movingo.ca\/en\/wp-json\/wp\/v2\/comments?post=15970"}],"version-history":[{"count":0,"href":"https:\/\/movingo.ca\/en\/wp-json\/wp\/v2\/pages\/15970\/revisions"}],"wp:attachment":[{"href":"https:\/\/movingo.ca\/en\/wp-json\/wp\/v2\/media?parent=15970"}],"curies":[{"name":"wp","href":"https:\/\/api.w.org\/{rel}","templated":true}]}}